{"id":1268,"date":"2024-09-17T16:25:31","date_gmt":"2024-09-17T16:25:31","guid":{"rendered":"https:\/\/duprosinistre.com\/ventilation-duct-cleaning-in-sainte-adele\/"},"modified":"2024-09-17T16:25:31","modified_gmt":"2024-09-17T16:25:31","slug":"ventilation-duct-cleaning-in-sainte-adele","status":"publish","type":"page","link":"https:\/\/duprosinistre.com\/en\/ventilation-duct-cleaning-in-sainte-adele\/","title":{"rendered":"Ventilation Duct Cleaning in Sainte-Ad\u00e8le"},"content":{"rendered":"\t\t<div data-elementor-type=\"wp-page\" data-elementor-id=\"1268\" class=\"elementor elementor-1268 elementor-1120\" data-elementor-post-type=\"page\">\n\t\t\t\t\t\t<section class=\"elementor-section elementor-top-section elementor-element elementor-element-4d9e990 elementor-section-boxed elementor-section-height-default elementor-section-height-default\" data-id=\"4d9e990\" data-element_type=\"section\" data-settings=\"{&quot;background_background&quot;:&quot;classic&quot;}\">\n\t\t\t\t\t\t\t<div class=\"elementor-background-overlay\"><\/div>\n\t\t\t\t\t\t\t<div class=\"elementor-container elementor-column-gap-default\">\n\t\t\t\t\t<div class=\"elementor-column elementor-col-100 elementor-top-column elementor-element elementor-element-261454e\" data-id=\"261454e\" data-element_type=\"column\">\n\t\t\t<div class=\"elementor-widget-wrap elementor-element-populated\">\n\t\t\t\t\t\t<div class=\"elementor-element elementor-element-7b2bb42 elementor-widget elementor-widget-heading\" data-id=\"7b2bb42\" data-element_type=\"widget\" data-widget_type=\"heading.default\">\n\t\t\t\t<div class=\"elementor-widget-container\">\n\t\t\t<h2 class=\"elementor-heading-title elementor-size-default\"><span>Ventilation Duct Cleaning<\/span> in Sainte-Ad\u00e8le<br>Benefits with Dupro Sinistre<\/h2>\t\t<\/div>\n\t\t\t\t<\/div>\n\t\t\t\t<div class=\"elementor-element elementor-element-39c80cc elementor-widget-divider--view-line elementor-widget elementor-widget-divider\" data-id=\"39c80cc\" data-element_type=\"widget\" data-widget_type=\"divider.default\">\n\t\t\t\t<div class=\"elementor-widget-container\">\n\t\t\t\t\t<div class=\"elementor-divider\">\n\t\t\t<span class=\"elementor-divider-separator\">\n\t\t\t\t\t\t<\/span>\n\t\t<\/div>\n\t\t\t\t<\/div>\n\t\t\t\t<\/div>\n\t\t\t\t\t<\/div>\n\t\t<\/div>\n\t\t\t\t\t<\/div>\n\t\t<\/section>\n\t\t\t\t<section class=\"elementor-section elementor-top-section elementor-element elementor-element-e3ae734 elementor-section-boxed elementor-section-height-default elementor-section-height-default\" data-id=\"e3ae734\" data-element_type=\"section\">\n\t\t\t\t\t\t<div class=\"elementor-container elementor-column-gap-default\">\n\t\t\t\t\t<div class=\"elementor-column elementor-col-100 elementor-top-column elementor-element elementor-element-91ff549\" data-id=\"91ff549\" data-element_type=\"column\">\n\t\t\t<div class=\"elementor-widget-wrap elementor-element-populated\">\n\t\t\t\t\t\t<div class=\"elementor-element elementor-element-7cd509d elementor-widget elementor-widget-text-editor\" data-id=\"7cd509d\" data-element_type=\"widget\" data-widget_type=\"text-editor.default\">\n\t\t\t\t<div class=\"elementor-widget-container\">\n\t\t\t\t\t\t\t<p>Dupro Sinistre in <strong>Sainte-Ad\u00e8le<\/strong> offers ventilation duct cleaning services to ensure the air you breathe is clean and healthy. Regular cleaning removes allergens, dust, and accumulated debris, reducing mold risks and improving your ventilation system&#8217;s performance. A healthier indoor environment and better energy efficiency are key benefits of our service.<\/p>\n\t\t\t\t\t\t<\/div>\n\t\t\t\t<\/div>\n\t\t\t\t<div class=\"elementor-element elementor-element-ed15e42 elementor-align-center elementor-widget elementor-widget-button\" data-id=\"ed15e42\" data-element_type=\"widget\" data-widget_type=\"button.default\">\n\t\t\t\t<div class=\"elementor-widget-container\">\n\t\t\t\t\t<div class=\"elementor-button-wrapper\">\n\t\t\t<a class=\"elementor-button elementor-button-link elementor-size-sm\" href=\"tel:8196311840\">\n\t\t\t\t\t\t<span class=\"elementor-button-content-wrapper\">\n\t\t\t\t\t\t\t\t\t<span class=\"elementor-button-text\">Contact us today for effective and thorough duct cleaning!<\/span>\n\t\t\t\t\t<\/span>\n\t\t\t\t\t<\/a>\n\t\t<\/div>\n\t\t\t\t<\/div>\n\t\t\t\t<\/div>\n\t\t\t\t\t<\/div>\n\t\t<\/div>\n\t\t\t\t\t<\/div>\n\t\t<\/section>\n\t\t\t\t<\/div>\n\t\t","protected":false},"excerpt":{"rendered":"<p>Ventilation Duct Cleaning in Sainte-Ad\u00e8leBenefits with Dupro Sinistre Dupro Sinistre in Sainte-Ad\u00e8le offers ventilation duct cleaning services to ensure the air you breathe is clean and healthy. Regular cleaning removes allergens, dust, and accumulated debris, reducing mold risks and improving your ventilation system&#8217;s performance. A healthier indoor environment and better energy efficiency are key benefits [&hellip;]<\/p>\n","protected":false},"author":4,"featured_media":0,"parent":0,"menu_order":0,"comment_status":"closed","ping_status":"closed","template":"","meta":{"site-sidebar-layout":"no-sidebar","site-content-layout":"page-builder","ast-site-content-layout":"full-width-container","site-content-style":"default","site-sidebar-style":"default","ast-global-header-display":"","ast-banner-title-visibility":"","ast-main-header-display":"","ast-hfb-above-header-display":"","ast-hfb-below-header-display":"","ast-hfb-mobile-header-display":"","site-post-title":"disabled","ast-breadcrumbs-content":"","ast-featured-img":"disabled","footer-sml-layout":"","theme-transparent-header-meta":"","adv-header-id-meta":"","stick-header-meta":"","header-above-stick-meta":"","header-main-stick-meta":"","header-below-stick-meta":"","astra-migrate-meta-layouts":"default","ast-page-background-enabled":"default","ast-page-background-meta":{"desktop":{"background-color":"var(--ast-global-color-4)","background-image":"","background-repeat":"repeat","background-position":"center center","background-size":"auto","background-attachment":"scroll","background-type":"","background-media":"","overlay-type":"","overlay-color":"","overlay-opacity":"","overlay-gradient":""},"tablet":{"background-color":"","background-image":"","background-repeat":"repeat","background-position":"center center","background-size":"auto","background-attachment":"scroll","background-type":"","background-media":"","overlay-type":"","overlay-color":"","overlay-opacity":"","overlay-gradient":""},"mobile":{"background-color":"","background-image":"","background-repeat":"repeat","background-position":"center center","background-size":"auto","background-attachment":"scroll","background-type":"","background-media":"","overlay-type":"","overlay-color":"","overlay-opacity":"","overlay-gradient":""}},"ast-content-background-meta":{"desktop":{"background-color":"var(--ast-global-color-5)","background-image":"","background-repeat":"repeat","background-position":"center center","background-size":"auto","background-attachment":"scroll","background-type":"","background-media":"","overlay-type":"","overlay-color":"","overlay-opacity":"","overlay-gradient":""},"tablet":{"background-color":"var(--ast-global-color-5)","background-image":"","background-repeat":"repeat","background-position":"center center","background-size":"auto","background-attachment":"scroll","background-type":"","background-media":"","overlay-type":"","overlay-color":"","overlay-opacity":"","overlay-gradient":""},"mobile":{"background-color":"var(--ast-global-color-5)","background-image":"","background-repeat":"repeat","background-position":"center center","background-size":"auto","background-attachment":"scroll","background-type":"","background-media":"","overlay-type":"","overlay-color":"","overlay-opacity":"","overlay-gradient":""}},"footnotes":""},"class_list":["post-1268","page","type-page","status-publish","hentry"],"yoast_head":"<!-- This site is optimized with the Yoast SEO plugin v23.4 - https:\/\/yoast.com\/wordpress\/plugins\/seo\/ -->\n<title>Ventilation Duct Cleaning in Sainte-Ad\u00e8le - DuPro Sinistre<\/title>\n<meta name=\"robots\" content=\"index, follow, max-snippet:-1, max-image-preview:large, max-video-preview:-1\" \/>\n<link rel=\"canonical\" href=\"https:\/\/duprosinistre.com\/nettoyage-de-conduits-de-ventilation-a-sainte-adele\/\" \/>\n<meta property=\"og:locale\" content=\"en_US\" \/>\n<meta property=\"og:type\" content=\"article\" \/>\n<meta property=\"og:title\" content=\"Ventilation Duct Cleaning in Sainte-Ad\u00e8le - DuPro Sinistre\" \/>\n<meta property=\"og:description\" content=\"Ventilation Duct Cleaning in Sainte-Ad\u00e8leBenefits with Dupro Sinistre Dupro Sinistre in Sainte-Ad\u00e8le offers ventilation duct cleaning services to ensure the air you breathe is clean and healthy. Regular cleaning removes allergens, dust, and accumulated debris, reducing mold risks and improving your ventilation system&#8217;s performance. A healthier indoor environment and better energy efficiency are key benefits [&hellip;]\" \/>\n<meta property=\"og:url\" content=\"https:\/\/duprosinistre.com\/nettoyage-de-conduits-de-ventilation-a-sainte-adele\/\" \/>\n<meta property=\"og:site_name\" content=\"DuPro Sinistre\" \/>\n<meta name=\"twitter:card\" content=\"summary_large_image\" \/>\n<script type=\"application\/ld+json\" class=\"yoast-schema-graph\">{\"@context\":\"https:\/\/schema.org\",\"@graph\":[{\"@type\":\"WebPage\",\"@id\":\"https:\/\/duprosinistre.com\/nettoyage-de-conduits-de-ventilation-a-sainte-adele\/\",\"url\":\"https:\/\/duprosinistre.com\/nettoyage-de-conduits-de-ventilation-a-sainte-adele\/\",\"name\":\"Ventilation Duct Cleaning in Sainte-Ad\u00e8le - DuPro Sinistre\",\"isPartOf\":{\"@id\":\"https:\/\/duprosinistre.com\/#website\"},\"datePublished\":\"2024-09-17T16:25:31+00:00\",\"dateModified\":\"2024-09-17T16:25:31+00:00\",\"breadcrumb\":{\"@id\":\"https:\/\/duprosinistre.com\/nettoyage-de-conduits-de-ventilation-a-sainte-adele\/#breadcrumb\"},\"inLanguage\":\"en-US\",\"potentialAction\":[{\"@type\":\"ReadAction\",\"target\":[\"https:\/\/duprosinistre.com\/nettoyage-de-conduits-de-ventilation-a-sainte-adele\/\"]}]},{\"@type\":\"BreadcrumbList\",\"@id\":\"https:\/\/duprosinistre.com\/nettoyage-de-conduits-de-ventilation-a-sainte-adele\/#breadcrumb\",\"itemListElement\":[{\"@type\":\"ListItem\",\"position\":1,\"name\":\"Accueil\",\"item\":\"https:\/\/duprosinistre.com\/en\/\"},{\"@type\":\"ListItem\",\"position\":2,\"name\":\"Ventilation Duct Cleaning in Sainte-Ad\u00e8le\"}]},{\"@type\":\"WebSite\",\"@id\":\"https:\/\/duprosinistre.com\/#website\",\"url\":\"https:\/\/duprosinistre.com\/\",\"name\":\"DuPro Sinistre\",\"description\":\"Urgence 24h\/24 7 jours sur 7\",\"publisher\":{\"@id\":\"https:\/\/duprosinistre.com\/#organization\"},\"potentialAction\":[{\"@type\":\"SearchAction\",\"target\":{\"@type\":\"EntryPoint\",\"urlTemplate\":\"https:\/\/duprosinistre.com\/?s={search_term_string}\"},\"query-input\":{\"@type\":\"PropertyValueSpecification\",\"valueRequired\":true,\"valueName\":\"search_term_string\"}}],\"inLanguage\":\"en-US\"},{\"@type\":\"Organization\",\"@id\":\"https:\/\/duprosinistre.com\/#organization\",\"name\":\"DuPro Sinistre\",\"url\":\"https:\/\/duprosinistre.com\/\",\"logo\":{\"@type\":\"ImageObject\",\"inLanguage\":\"en-US\",\"@id\":\"https:\/\/duprosinistre.com\/#\/schema\/logo\/image\/\",\"url\":\"https:\/\/duprosinistre.com\/wp-content\/uploads\/2020\/03\/Logo-DuPro-Web.png\",\"contentUrl\":\"https:\/\/duprosinistre.com\/wp-content\/uploads\/2020\/03\/Logo-DuPro-Web.png\",\"width\":771,\"height\":964,\"caption\":\"DuPro Sinistre\"},\"image\":{\"@id\":\"https:\/\/duprosinistre.com\/#\/schema\/logo\/image\/\"}}]}<\/script>\n<!-- \/ Yoast SEO plugin. -->","yoast_head_json":{"title":"Ventilation Duct Cleaning in Sainte-Ad\u00e8le - DuPro Sinistre","robots":{"index":"index","follow":"follow","max-snippet":"max-snippet:-1","max-image-preview":"max-image-preview:large","max-video-preview":"max-video-preview:-1"},"canonical":"https:\/\/duprosinistre.com\/nettoyage-de-conduits-de-ventilation-a-sainte-adele\/","og_locale":"en_US","og_type":"article","og_title":"Ventilation Duct Cleaning in Sainte-Ad\u00e8le - DuPro Sinistre","og_description":"Ventilation Duct Cleaning in Sainte-Ad\u00e8leBenefits with Dupro Sinistre Dupro Sinistre in Sainte-Ad\u00e8le offers ventilation duct cleaning services to ensure the air you breathe is clean and healthy. Regular cleaning removes allergens, dust, and accumulated debris, reducing mold risks and improving your ventilation system&#8217;s performance. A healthier indoor environment and better energy efficiency are key benefits [&hellip;]","og_url":"https:\/\/duprosinistre.com\/nettoyage-de-conduits-de-ventilation-a-sainte-adele\/","og_site_name":"DuPro Sinistre","twitter_card":"summary_large_image","schema":{"@context":"https:\/\/schema.org","@graph":[{"@type":"WebPage","@id":"https:\/\/duprosinistre.com\/nettoyage-de-conduits-de-ventilation-a-sainte-adele\/","url":"https:\/\/duprosinistre.com\/nettoyage-de-conduits-de-ventilation-a-sainte-adele\/","name":"Ventilation Duct Cleaning in Sainte-Ad\u00e8le - DuPro Sinistre","isPartOf":{"@id":"https:\/\/duprosinistre.com\/#website"},"datePublished":"2024-09-17T16:25:31+00:00","dateModified":"2024-09-17T16:25:31+00:00","breadcrumb":{"@id":"https:\/\/duprosinistre.com\/nettoyage-de-conduits-de-ventilation-a-sainte-adele\/#breadcrumb"},"inLanguage":"en-US","potentialAction":[{"@type":"ReadAction","target":["https:\/\/duprosinistre.com\/nettoyage-de-conduits-de-ventilation-a-sainte-adele\/"]}]},{"@type":"BreadcrumbList","@id":"https:\/\/duprosinistre.com\/nettoyage-de-conduits-de-ventilation-a-sainte-adele\/#breadcrumb","itemListElement":[{"@type":"ListItem","position":1,"name":"Accueil","item":"https:\/\/duprosinistre.com\/en\/"},{"@type":"ListItem","position":2,"name":"Ventilation Duct Cleaning in Sainte-Ad\u00e8le"}]},{"@type":"WebSite","@id":"https:\/\/duprosinistre.com\/#website","url":"https:\/\/duprosinistre.com\/","name":"DuPro Sinistre","description":"Urgence 24h\/24 7 jours sur 7","publisher":{"@id":"https:\/\/duprosinistre.com\/#organization"},"potentialAction":[{"@type":"SearchAction","target":{"@type":"EntryPoint","urlTemplate":"https:\/\/duprosinistre.com\/?s={search_term_string}"},"query-input":{"@type":"PropertyValueSpecification","valueRequired":true,"valueName":"search_term_string"}}],"inLanguage":"en-US"},{"@type":"Organization","@id":"https:\/\/duprosinistre.com\/#organization","name":"DuPro Sinistre","url":"https:\/\/duprosinistre.com\/","logo":{"@type":"ImageObject","inLanguage":"en-US","@id":"https:\/\/duprosinistre.com\/#\/schema\/logo\/image\/","url":"https:\/\/duprosinistre.com\/wp-content\/uploads\/2020\/03\/Logo-DuPro-Web.png","contentUrl":"https:\/\/duprosinistre.com\/wp-content\/uploads\/2020\/03\/Logo-DuPro-Web.png","width":771,"height":964,"caption":"DuPro Sinistre"},"image":{"@id":"https:\/\/duprosinistre.com\/#\/schema\/logo\/image\/"}}]}},"_links":{"self":[{"href":"https:\/\/duprosinistre.com\/en\/wp-json\/wp\/v2\/pages\/1268"}],"collection":[{"href":"https:\/\/duprosinistre.com\/en\/wp-json\/wp\/v2\/pages"}],"about":[{"href":"https:\/\/duprosinistre.com\/en\/wp-json\/wp\/v2\/types\/page"}],"author":[{"embeddable":true,"href":"https:\/\/duprosinistre.com\/en\/wp-json\/wp\/v2\/users\/4"}],"replies":[{"embeddable":true,"href":"https:\/\/duprosinistre.com\/en\/wp-json\/wp\/v2\/comments?post=1268"}],"version-history":[{"count":1,"href":"https:\/\/duprosinistre.com\/en\/wp-json\/wp\/v2\/pages\/1268\/revisions"}],"predecessor-version":[{"id":1269,"href":"https:\/\/duprosinistre.com\/en\/wp-json\/wp\/v2\/pages\/1268\/revisions\/1269"}],"wp:attachment":[{"href":"https:\/\/duprosinistre.com\/en\/wp-json\/wp\/v2\/media?parent=1268"}],"curies":[{"name":"wp","href":"https:\/\/api.w.org\/{rel}","templated":true}]}}