{"id":1505,"date":"2024-09-27T18:11:03","date_gmt":"2024-09-27T18:11:03","guid":{"rendered":"https:\/\/duprosinistre.com\/?page_id=1505"},"modified":"2024-09-27T18:16:02","modified_gmt":"2024-09-27T18:16:02","slug":"politique-de-confidentialite","status":"publish","type":"page","link":"https:\/\/duprosinistre.com\/en\/politique-de-confidentialite\/","title":{"rendered":"Politique de confidentialit\u00e9"},"content":{"rendered":"\t\t<div data-elementor-type=\"wp-page\" data-elementor-id=\"1505\" class=\"elementor elementor-1505\" data-elementor-post-type=\"page\">\n\t\t\t\t\t\t<section class=\"elementor-section elementor-top-section elementor-element elementor-element-d7b714a elementor-section-boxed elementor-section-height-default elementor-section-height-default\" data-id=\"d7b714a\" data-element_type=\"section\">\n\t\t\t\t\t\t<div class=\"elementor-container elementor-column-gap-default\">\n\t\t\t\t\t<div class=\"elementor-column elementor-col-100 elementor-top-column elementor-element elementor-element-1de3d1e\" data-id=\"1de3d1e\" data-element_type=\"column\">\n\t\t\t<div class=\"elementor-widget-wrap elementor-element-populated\">\n\t\t\t\t\t\t<div class=\"elementor-element elementor-element-12bc897 elementor-widget elementor-widget-heading\" data-id=\"12bc897\" data-element_type=\"widget\" data-widget_type=\"heading.default\">\n\t\t\t\t<div class=\"elementor-widget-container\">\n\t\t\t<h2 class=\"elementor-heading-title elementor-size-default\">Politique de confidentialit\u00e9<\/h2>\t\t<\/div>\n\t\t\t\t<\/div>\n\t\t\t\t<div class=\"elementor-element elementor-element-7a7892d elementor-widget elementor-widget-text-editor\" data-id=\"7a7892d\" data-element_type=\"widget\" data-widget_type=\"text-editor.default\">\n\t\t\t\t<div class=\"elementor-widget-container\">\n\t\t\t\t\t\t\t<p><strong>Derni\u00e8re mise \u00e0 jour<\/strong> : 27 septembre 2024<\/p><p>Chez Dupro Sinistre, votre vie priv\u00e9e est importante pour nous. Cette politique de confidentialit\u00e9 explique quelles informations nous collectons, comment nous les utilisons, et les choix que vous avez concernant ces informations. En utilisant notre site web, vous consentez \u00e0 cette politique de confidentialit\u00e9.<\/p><h5>1. Informations que nous collectons<\/h5><h6>1.1 Informations personnelles<\/h6><p>La collecte de renseignements personnels s\u2019effectue principalement lorsque vous utilisez les services de Dupro Sinistre et que vous communiquez volontairement vos renseignements personnels aupr\u00e8s de notre personnel de r\u00e9ception. Des informations personnelles que sont aussi recueillies au travers de formulaires et gr\u00e2ce \u00e0 l\u2019interactivit\u00e9 \u00e9tablie entre vous et notre site Web.<\/p><p>Nous pouvons collecter des informations personnelles telles que :<\/p><ul><li>Votre nom<\/li><li>Votre adresse courriel<\/li><li>D\u2019autres informations personnelles que vous choisissez de nous fournir<\/li><\/ul><h6>1.2 Informations non personnelles<\/h6><p>Nous pouvons \u00e9galement collecter des informations non personnelles, telles que des donn\u00e9es d\u00e9mographiques, des pr\u00e9f\u00e9rences d\u2019utilisation du site web\/application et d\u2019autres informations anonymes.<\/p><h5>2. Utilisation des informations<\/h5><p>Nous utilisons les informations que nous collectons pour les finalit\u00e9s suivantes :<\/p><ul><li>Fournir et maintenir notre site web<\/li><li>Personnaliser votre exp\u00e9rience sur notre site web<\/li><li>Vous envoyez des communications marketing, si vous avez donn\u00e9 votre consentement<\/li><li>R\u00e9pondre \u00e0 vos demandes, commentaires ou questions<\/li><li>Am\u00e9liorer notre site web<\/li><li>Respecter nos obligations l\u00e9gales<\/li><\/ul><h5>3. Partage des informations<\/h5><p>Nous ne vendons ni ne louons vos informations personnelles \u00e0 des tiers. Cependant, nous pouvons partager vos informations avec :<\/p><ul><li>Des prestataires de services tiers pour nous aider \u00e0 exploiter notre site web<\/li><li>Les autorit\u00e9s gouvernementales lorsque cela est requis par la loi<\/li><li>Dans le cadre d\u2019une fusion, acquisition ou vente d\u2019actifs<\/li><\/ul><h5>4. Vos droits<\/h5><p>Vous avez le droit de :<\/p><ul><li>Acc\u00e9der aux informations personnelles que nous d\u00e9tenons \u00e0 votre sujet<\/li><li>Rectifier toute information incorrecte<\/li><li>Supprimer vos informations personnelles, sous r\u00e9serve de nos obligations l\u00e9gales<\/li><li>Vous opposez au traitement de vos informations \u00e0 des fins de marketing direct<\/li><li>Demander la portabilit\u00e9 de vos informations<\/li><\/ul><h5>5. Cookies et technologies similaires<\/h5><p>Nous utilisons des cookies et des technologies similaires pour am\u00e9liorer votre exp\u00e9rience sur notre site web ainsi que pour comprendre comment vous interagissez avec celui-ci. Vous pouvez g\u00e9rer vos pr\u00e9f\u00e9rences de cookies via les param\u00e8tres de notre site Web.<\/p><h5>6. Liens vers d\u2019autres sites web<\/h5><p>Notre site web peut contenir des liens vers d\u2019autres sites web qui ne sont pas d\u00e9tenus ou contr\u00f4l\u00e9s par nous. Sachez que nous ne sommes pas responsables de ces autres sites web ou des pratiques de confidentialit\u00e9 des tiers. Nous vous encourageons \u00e0 \u00eatre attentif lorsque vous quittez notre site web et \u00e0 lire les d\u00e9clarations de confidentialit\u00e9 de chaque site web susceptible de collecter des informations personnelles.<\/p><h5>7. S\u00e9curit\u00e9 des donn\u00e9es<\/h5><p>Nous mettons en place des mesures de s\u00e9curit\u00e9 pour prot\u00e9ger vos informations personnelles. Cependant, aucune m\u00e9thode de transmission sur Internet ou de stockage \u00e9lectronique n\u2019est totalement s\u00e9curis\u00e9e.<\/p><h5>8. Dur\u00e9e de conservation des donn\u00e9es<\/h5><p>Nous stockons les donn\u00e9es personnelles pour une dur\u00e9e raisonnable et n\u00e9cessaire, conform\u00e9ment \u00e0 nos obligations l\u00e9gales et aux finalit\u00e9s pour lesquelles les donn\u00e9es ont \u00e9t\u00e9 collect\u00e9es.<\/p><h5>9. Modifications de la politique de confidentialit\u00e9<\/h5><p>Nous pouvons mettre \u00e0 jour cette politique de confidentialit\u00e9 de temps \u00e0 autre pour refl\u00e9ter les changements dans nos pratiques en mati\u00e8re de confidentialit\u00e9. La date de la derni\u00e8re r\u00e9vision sera indiqu\u00e9e en haut de la politique.<\/p><h5>10. Nous contacter<\/h5><p>Si vous avez des questions concernant cette politique de confidentialit\u00e9 ou vos renseignements personnels, veuillez contacter notre responsable :<\/p><p>David Duguay<br \/>Directeur,<br \/>Dupro Sinistre<\/p>\t\t\t\t\t\t<\/div>\n\t\t\t\t<\/div>\n\t\t\t\t\t<\/div>\n\t\t<\/div>\n\t\t\t\t\t<\/div>\n\t\t<\/section>\n\t\t\t\t<\/div>\n\t\t","protected":false},"excerpt":{"rendered":"<p>Derni\u00e8re mise \u00e0 jour : 27 septembre 2024 Chez Dupro Sinistre, votre vie priv\u00e9e est importante pour nous. Cette politique de confidentialit\u00e9 explique quelles informations nous collectons, comment nous les utilisons, et les choix que vous avez concernant ces informations. En utilisant notre site web, vous consentez \u00e0 cette politique de confidentialit\u00e9. 1. Informations que [&hellip;]<\/p>\n","protected":false},"author":4,"featured_media":0,"parent":0,"menu_order":0,"comment_status":"closed","ping_status":"closed","template":"","meta":{"site-sidebar-layout":"no-sidebar","site-content-layout":"page-builder","ast-site-content-layout":"full-width-container","site-content-style":"default","site-sidebar-style":"default","ast-global-header-display":"","ast-banner-title-visibility":"","ast-main-header-display":"","ast-hfb-above-header-display":"","ast-hfb-below-header-display":"","ast-hfb-mobile-header-display":"","site-post-title":"disabled","ast-breadcrumbs-content":"","ast-featured-img":"disabled","footer-sml-layout":"","theme-transparent-header-meta":"","adv-header-id-meta":"","stick-header-meta":"","header-above-stick-meta":"","header-main-stick-meta":"","header-below-stick-meta":"","astra-migrate-meta-layouts":"set","ast-page-background-enabled":"default","ast-page-background-meta":{"desktop":{"background-color":"var(--ast-global-color-4)","background-image":"","background-repeat":"repeat","background-position":"center center","background-size":"auto","background-attachment":"scroll","background-type":"","background-media":"","overlay-type":"","overlay-color":"","overlay-opacity":"","overlay-gradient":""},"tablet":{"background-color":"","background-image":"","background-repeat":"repeat","background-position":"center center","background-size":"auto","background-attachment":"scroll","background-type":"","background-media":"","overlay-type":"","overlay-color":"","overlay-opacity":"","overlay-gradient":""},"mobile":{"background-color":"","background-image":"","background-repeat":"repeat","background-position":"center center","background-size":"auto","background-attachment":"scroll","background-type":"","background-media":"","overlay-type":"","overlay-color":"","overlay-opacity":"","overlay-gradient":""}},"ast-content-background-meta":{"desktop":{"background-color":"var(--ast-global-color-5)","background-image":"","background-repeat":"repeat","background-position":"center center","background-size":"auto","background-attachment":"scroll","background-type":"","background-media":"","overlay-type":"","overlay-color":"","overlay-opacity":"","overlay-gradient":""},"tablet":{"background-color":"var(--ast-global-color-5)","background-image":"","background-repeat":"repeat","background-position":"center center","background-size":"auto","background-attachment":"scroll","background-type":"","background-media":"","overlay-type":"","overlay-color":"","overlay-opacity":"","overlay-gradient":""},"mobile":{"background-color":"var(--ast-global-color-5)","background-image":"","background-repeat":"repeat","background-position":"center center","background-size":"auto","background-attachment":"scroll","background-type":"","background-media":"","overlay-type":"","overlay-color":"","overlay-opacity":"","overlay-gradient":""}},"footnotes":""},"class_list":["post-1505","page","type-page","status-publish","hentry"],"yoast_head":"<!-- This site is optimized with the Yoast SEO plugin v23.4 - https:\/\/yoast.com\/wordpress\/plugins\/seo\/ -->\n<title>Politique de confidentialit\u00e9 - DuPro Sinistre<\/title>\n<meta name=\"robots\" content=\"index, follow, max-snippet:-1, max-image-preview:large, max-video-preview:-1\" \/>\n<link rel=\"canonical\" href=\"https:\/\/duprosinistre.com\/en\/politique-de-confidentialite\/\" \/>\n<meta property=\"og:locale\" content=\"en_US\" \/>\n<meta property=\"og:type\" content=\"article\" \/>\n<meta property=\"og:title\" content=\"Politique de confidentialit\u00e9 - DuPro Sinistre\" \/>\n<meta property=\"og:description\" content=\"Derni\u00e8re mise \u00e0 jour : 27 septembre 2024 Chez Dupro Sinistre, votre vie priv\u00e9e est importante pour nous. Cette politique de confidentialit\u00e9 explique quelles informations nous collectons, comment nous les utilisons, et les choix que vous avez concernant ces informations. En utilisant notre site web, vous consentez \u00e0 cette politique de confidentialit\u00e9. 1. Informations que [&hellip;]\" \/>\n<meta property=\"og:url\" content=\"https:\/\/duprosinistre.com\/en\/politique-de-confidentialite\/\" \/>\n<meta property=\"og:site_name\" content=\"DuPro Sinistre\" \/>\n<meta property=\"article:modified_time\" content=\"2024-09-27T18:16:02+00:00\" \/>\n<meta name=\"twitter:card\" content=\"summary_large_image\" \/>\n<meta name=\"twitter:label1\" content=\"Est. reading time\" \/>\n\t<meta name=\"twitter:data1\" content=\"3 minutes\" \/>\n<script type=\"application\/ld+json\" class=\"yoast-schema-graph\">{\"@context\":\"https:\/\/schema.org\",\"@graph\":[{\"@type\":\"WebPage\",\"@id\":\"https:\/\/duprosinistre.com\/en\/politique-de-confidentialite\/\",\"url\":\"https:\/\/duprosinistre.com\/en\/politique-de-confidentialite\/\",\"name\":\"Politique de confidentialit\u00e9 - DuPro Sinistre\",\"isPartOf\":{\"@id\":\"https:\/\/duprosinistre.com\/#website\"},\"datePublished\":\"2024-09-27T18:11:03+00:00\",\"dateModified\":\"2024-09-27T18:16:02+00:00\",\"breadcrumb\":{\"@id\":\"https:\/\/duprosinistre.com\/en\/politique-de-confidentialite\/#breadcrumb\"},\"inLanguage\":\"en-US\",\"potentialAction\":[{\"@type\":\"ReadAction\",\"target\":[\"https:\/\/duprosinistre.com\/en\/politique-de-confidentialite\/\"]}]},{\"@type\":\"BreadcrumbList\",\"@id\":\"https:\/\/duprosinistre.com\/en\/politique-de-confidentialite\/#breadcrumb\",\"itemListElement\":[{\"@type\":\"ListItem\",\"position\":1,\"name\":\"Accueil\",\"item\":\"https:\/\/duprosinistre.com\/en\/\"},{\"@type\":\"ListItem\",\"position\":2,\"name\":\"Politique de confidentialit\u00e9\"}]},{\"@type\":\"WebSite\",\"@id\":\"https:\/\/duprosinistre.com\/#website\",\"url\":\"https:\/\/duprosinistre.com\/\",\"name\":\"DuPro Sinistre\",\"description\":\"Urgence 24h\/24 7 jours sur 7\",\"publisher\":{\"@id\":\"https:\/\/duprosinistre.com\/#organization\"},\"potentialAction\":[{\"@type\":\"SearchAction\",\"target\":{\"@type\":\"EntryPoint\",\"urlTemplate\":\"https:\/\/duprosinistre.com\/?s={search_term_string}\"},\"query-input\":{\"@type\":\"PropertyValueSpecification\",\"valueRequired\":true,\"valueName\":\"search_term_string\"}}],\"inLanguage\":\"en-US\"},{\"@type\":\"Organization\",\"@id\":\"https:\/\/duprosinistre.com\/#organization\",\"name\":\"DuPro Sinistre\",\"url\":\"https:\/\/duprosinistre.com\/\",\"logo\":{\"@type\":\"ImageObject\",\"inLanguage\":\"en-US\",\"@id\":\"https:\/\/duprosinistre.com\/#\/schema\/logo\/image\/\",\"url\":\"https:\/\/duprosinistre.com\/wp-content\/uploads\/2020\/03\/Logo-DuPro-Web.png\",\"contentUrl\":\"https:\/\/duprosinistre.com\/wp-content\/uploads\/2020\/03\/Logo-DuPro-Web.png\",\"width\":771,\"height\":964,\"caption\":\"DuPro Sinistre\"},\"image\":{\"@id\":\"https:\/\/duprosinistre.com\/#\/schema\/logo\/image\/\"}}]}<\/script>\n<!-- \/ Yoast SEO plugin. -->","yoast_head_json":{"title":"Politique de confidentialit\u00e9 - DuPro Sinistre","robots":{"index":"index","follow":"follow","max-snippet":"max-snippet:-1","max-image-preview":"max-image-preview:large","max-video-preview":"max-video-preview:-1"},"canonical":"https:\/\/duprosinistre.com\/en\/politique-de-confidentialite\/","og_locale":"en_US","og_type":"article","og_title":"Politique de confidentialit\u00e9 - DuPro Sinistre","og_description":"Derni\u00e8re mise \u00e0 jour : 27 septembre 2024 Chez Dupro Sinistre, votre vie priv\u00e9e est importante pour nous. Cette politique de confidentialit\u00e9 explique quelles informations nous collectons, comment nous les utilisons, et les choix que vous avez concernant ces informations. En utilisant notre site web, vous consentez \u00e0 cette politique de confidentialit\u00e9. 1. Informations que [&hellip;]","og_url":"https:\/\/duprosinistre.com\/en\/politique-de-confidentialite\/","og_site_name":"DuPro Sinistre","article_modified_time":"2024-09-27T18:16:02+00:00","twitter_card":"summary_large_image","twitter_misc":{"Est. reading time":"3 minutes"},"schema":{"@context":"https:\/\/schema.org","@graph":[{"@type":"WebPage","@id":"https:\/\/duprosinistre.com\/en\/politique-de-confidentialite\/","url":"https:\/\/duprosinistre.com\/en\/politique-de-confidentialite\/","name":"Politique de confidentialit\u00e9 - DuPro Sinistre","isPartOf":{"@id":"https:\/\/duprosinistre.com\/#website"},"datePublished":"2024-09-27T18:11:03+00:00","dateModified":"2024-09-27T18:16:02+00:00","breadcrumb":{"@id":"https:\/\/duprosinistre.com\/en\/politique-de-confidentialite\/#breadcrumb"},"inLanguage":"en-US","potentialAction":[{"@type":"ReadAction","target":["https:\/\/duprosinistre.com\/en\/politique-de-confidentialite\/"]}]},{"@type":"BreadcrumbList","@id":"https:\/\/duprosinistre.com\/en\/politique-de-confidentialite\/#breadcrumb","itemListElement":[{"@type":"ListItem","position":1,"name":"Accueil","item":"https:\/\/duprosinistre.com\/en\/"},{"@type":"ListItem","position":2,"name":"Politique de confidentialit\u00e9"}]},{"@type":"WebSite","@id":"https:\/\/duprosinistre.com\/#website","url":"https:\/\/duprosinistre.com\/","name":"DuPro Sinistre","description":"Urgence 24h\/24 7 jours sur 7","publisher":{"@id":"https:\/\/duprosinistre.com\/#organization"},"potentialAction":[{"@type":"SearchAction","target":{"@type":"EntryPoint","urlTemplate":"https:\/\/duprosinistre.com\/?s={search_term_string}"},"query-input":{"@type":"PropertyValueSpecification","valueRequired":true,"valueName":"search_term_string"}}],"inLanguage":"en-US"},{"@type":"Organization","@id":"https:\/\/duprosinistre.com\/#organization","name":"DuPro Sinistre","url":"https:\/\/duprosinistre.com\/","logo":{"@type":"ImageObject","inLanguage":"en-US","@id":"https:\/\/duprosinistre.com\/#\/schema\/logo\/image\/","url":"https:\/\/duprosinistre.com\/wp-content\/uploads\/2020\/03\/Logo-DuPro-Web.png","contentUrl":"https:\/\/duprosinistre.com\/wp-content\/uploads\/2020\/03\/Logo-DuPro-Web.png","width":771,"height":964,"caption":"DuPro Sinistre"},"image":{"@id":"https:\/\/duprosinistre.com\/#\/schema\/logo\/image\/"}}]}},"_links":{"self":[{"href":"https:\/\/duprosinistre.com\/en\/wp-json\/wp\/v2\/pages\/1505"}],"collection":[{"href":"https:\/\/duprosinistre.com\/en\/wp-json\/wp\/v2\/pages"}],"about":[{"href":"https:\/\/duprosinistre.com\/en\/wp-json\/wp\/v2\/types\/page"}],"author":[{"embeddable":true,"href":"https:\/\/duprosinistre.com\/en\/wp-json\/wp\/v2\/users\/4"}],"replies":[{"embeddable":true,"href":"https:\/\/duprosinistre.com\/en\/wp-json\/wp\/v2\/comments?post=1505"}],"version-history":[{"count":4,"href":"https:\/\/duprosinistre.com\/en\/wp-json\/wp\/v2\/pages\/1505\/revisions"}],"predecessor-version":[{"id":1509,"href":"https:\/\/duprosinistre.com\/en\/wp-json\/wp\/v2\/pages\/1505\/revisions\/1509"}],"wp:attachment":[{"href":"https:\/\/duprosinistre.com\/en\/wp-json\/wp\/v2\/media?parent=1505"}],"curies":[{"name":"wp","href":"https:\/\/api.w.org\/{rel}","templated":true}]}}